{"id":3,"date":"2024-03-22T12:14:34","date_gmt":"2024-03-22T11:14:34","guid":{"rendered":"http:\/\/www.martin-ritter.net\/?page_id=3"},"modified":"2024-08-01T08:38:36","modified_gmt":"2024-08-01T06:38:36","slug":"datenschutzerklaerung","status":"publish","type":"page","link":"https:\/\/www.martin-ritter.net\/?page_id=3","title":{"rendered":"Datenschutzerkl\u00e4rung"},"content":{"rendered":"\n<p><strong>1. Datenschutzerkl\u00e4rung<\/strong><\/p>\n\n\n\n<p>Diese Datenschutzerkl\u00e4rung beschreibt, unter welchen Voraussetzungen wir Daten erheben und verarbeiten und was mit diesen Daten passiert. Verantwortlicher f\u00fcr die Verarbeitung der Daten ist <br>Martin Ritter, Flurstra\u00dfe 26 in 95367 Trebgast. E-Mail martin.ritter@t-online.de<\/p>\n\n\n\n<p><strong>2. Wir erheben und speichern personenbezogene Daten und verwenden diese wie folgt:<\/strong><\/p>\n\n\n\n<p>Beim Aufrufen meiner Website werden durch den auf Ihrem Endger\u00e4t zum Einsatz kommenden Browser automatisch Informationen an den Server unserer Website gesendet. Diese Informationen werden tempor\u00e4r in einem s.g. Logfile gespeichert. Folgende Informationen werden dabei ohne Ihr Zutun erfasst und bis zur automatisierten L\u00f6schung gespeichert:<br>\u2022 Der Name der abgerufenen Datei<br>\u2022 Das Datum und die Uhrzeit des Abrufs<br>\u2022 Die \u00fcbertragene Datenmenge<br>\u2022 Eine Meldung, ob der Abruf erfolgreich war<br>\u2022 Eine Beschreibung des Typs des verwendeten Webbrowsers und des verwendeten Betriebssystems<br>\u2022 Die zuvor besuchte Seite<br>\u2022 Der Internet-Provider<br>\u2022 Ihre IP-Adresse<\/p>\n\n\n\n<p>Die genannten Daten werden zu folgenden Zwecken verarbeitet:<br>\u2022 Zur Gew\u00e4hrleistung eines reibungslosen Verbindungsaufbaus der Website,<br>\u2022 zur Gew\u00e4hrleistung einer komfortablen Nutzung der Website,<br>\u2022 zur Auswertung der Systemsicherheit und -stabilit\u00e4t sowie<br>\u2022 zu weiteren administrativen Zwecken.<\/p>\n\n\n\n<p>Die Rechtsgrundlage f\u00fcr die Datenverarbeitung ist Art. 6 Abs. 1 lit. f) DSGVO. Das berechtigte Interesse folgt aus oben aufgelisteten Zwecken zur Datenerhebung. In keinem Fall verwenden wir die erhobenen Daten zu dem Zweck, R\u00fcckschl\u00fcsse auf Ihre Person zu ziehen.<\/p>\n\n\n\n<p>Dar\u00fcber hinaus setzen wir auf unserer Website Cookies und Analysedienste ein. N\u00e4here Erl\u00e4uterungen dazu erhalten Sie unter den Ziffern 4 und 5 dieser Datenschutzerkl\u00e4rung.<\/p>\n\n\n\n<p><strong>3. Weitergabe von Daten<\/strong><\/p>\n\n\n\n<p>Eine Weitergabe Ihrer pers\u00f6nlichen Daten an Dritte zu anderen als den im Folgenden aufgef\u00fchrten Zwecken findet nicht statt.<\/p>\n\n\n\n<p>Wir geben Ihre pers\u00f6nlichen Daten nur an Dritte weiter, wenn:<br>\u2022 Sie Ihre ausdr\u00fcckliche Einwilligung nach Art. 6 Abs. 1 lit. a) DSGVO dazu erteilt haben,<br>\u2022 die Weitergabe nach Art. 6 Abs. 1 lit. f) DSGVO erforderlich ist und kein Grund zur Annahme besteht, dass Sie ein \u00fcberwiegendes schutzw\u00fcrdiges Interesse an der Nichtweitergabe Ihrer Daten haben,<br>\u2022 f\u00fcr den Fall, dass f\u00fcr die Weitergabe nach Art. 6 Abs. 1 lit. c) DSGVO eine gesetzliche Verpflichtung besteht, sowie<br>\u2022 dies gesetzlich zul\u00e4ssig und nach Art. 6 Abs. 1 lit. b) DSGVO f\u00fcr die Abwicklung von Vertragsverh\u00e4ltnissen mit Ihnen erforderlich ist.<br>Bei Fragen hierzu sprechen Sie uns gerne an.<\/p>\n\n\n\n<p><strong>4. Cookies<\/strong><\/p>\n\n\n\n<p>Wir setzen in einigen Bereichen meiner Website sogenannte Cookies ein. Durch solche Dateielemente kann Ihr Computer als technische Einheit w\u00e4hrend Ihres Besuchs auf dieser Webseite identifiziert werden, um Ihnen die Verwendung des Angebotes \u2013 auch bei Wiederholungsbesuchen \u2013 zu erleichtern. Sie haben aber in der Regel die M\u00f6glichkeit, Ihren Internetbrowser so einzustellen, dass Sie \u00fcber das Auftreten von Cookies informiert werden, so dass Sie diese zulassen oder ausschlie\u00dfen beziehungsweise bereits vorhandene Cookies l\u00f6schen k\u00f6nnen. Bitte verwenden Sie die Hilfefunktion Ihres Internetbrowsers, um Informationen zu der \u00c4nderung dieser Einstellungen zu erlangen. Wir weisen darauf hin, dass einzelne Funktionen dieser Website m\u00f6glicherweise nicht funktionieren, wenn Sie die Verwendung von Cookies deaktiviert haben.<\/p>\n\n\n\n<p>Der Einsatz von Cookies wird auf Art. 6 Abs. 1 lit. f) DSGVO gest\u00fctzt: Die Verarbeitung erfolgt zur Verbesserung der Funktionsweise meiner Website. Sie ist daher zur Wahrung meiner berechtigten Interessen erforderlich.<\/p>\n\n\n\n<p>Cookies erlauben nicht, dass ein Server private Daten von Ihrem Computer oder die von einem anderen Server abgelegten Daten lesen kann. Sie richten auf Ihrem Rechner keinen Schaden an und enthalten keine Viren. Ebenfalls ist es nicht m\u00f6glich, die Benutzung dieser Website mit Ihrer Person in Verbindung zu bringen.<\/p>\n\n\n\n<p><strong>5. Verwendung von Google Analytics<\/strong><\/p>\n\n\n\n<p>Wir benutzen Google Analytics, einen Webanalysedienst der Google Inc., 1600 Amphitheatre Parkway, Mountain View, CA 94043, USA. Google Analytics verwendet sog. \u201eCookies\u201c, Textdateien, die auf Ihrem Computer gespeichert werden und die eine Analyse der Benutzung der Webseite durch sie erm\u00f6glichen. Die durch den Cookie erzeugten Informationen \u00fcber Ihre Benutzung dieser Webseite werden in der Regel an einen Server von Google in den USA \u00fcbertragen und dort gespeichert. Im Falle der Aktivierung der IP-Anonymisierung auf dieser Website wird Ihre IP-Adresse von Google jedoch innerhalb von Mitgliedstaaten der Europ\u00e4ischen Union oder in anderen Vertragsstaaten des Abkommens \u00fcber den Europ\u00e4ischen Wirtschaftsraum zuvor gek\u00fcrzt. Nur in Ausnahmef\u00e4llen wird die volle IP-Adresse an einen Server von Google in den USA \u00fcbertragen und dort gek\u00fcrzt. In meinem Auftrag wird Google diese Informationen benutzen, um Ihre Nutzung der Website auszuwerten, um Reports \u00fcber die Websitaktivit\u00e4ten zusammenzustellen und um weitere mit der Websitenutzung und der Internetnutzung verbundene Dienstleistungen mir gegen\u00fcber zu erbringen. Die im Rahmen von Google Analytics von Ihrem Browser \u00fcbermittelte IP-Adresse wird nicht mit anderen Daten von Google zusammengef\u00fchrt. Sie k\u00f6nnen die Speicherung der Cookies durch eine entsprechende Einstellung Ihrer Browser-Software verhindern; wir weisen jedoch darauf hin, dass Sie in diesem Fall gegebenenfalls nicht s\u00e4mtliche Funktionen dieser Webseite vollumf\u00e4nglich werden nutzen k\u00f6nnen. Sie k\u00f6nnen dar\u00fcber hinaus die Erfassung der durch das Cookie erzeugten und auf Ihre Nutzung der Webseite bezogenen Daten (inkl. Ihrer IP-Adresse) an Google sowie die Verarbeitung dieser Daten durch Google verhindern, indem Sie das unter diesem Link verf\u00fcgbare Browser-Plugin herunterladen und installieren. Dieses Vorgehen empfiehlt sich insbesondere bei einem Zugriff auf diese&nbsp;Seite \u00fcber mobile Endger\u00e4te. N\u00e4here Informationen zu Nutzungsbedingungen und Datenschutz finden Sie unter www.google.com\/analytics\/terms\/de.html bzw. unter www.google.com\/intl\/de\/analytics\/privacyoverview.html.<\/p>\n\n\n\n<p>Wir st\u00fctzen den Einsatz des vorgenannten Analyse-Tools auf Art. 6 Abs. 1 lit. f) DSGVO: Die Verarbeitung erfolgt zur Analyse des Nutzungsverhaltens und ist daher zur Wahrung unserer berechtigten Interessen erforderlich.<\/p>\n\n\n\n<p><strong>6. Verwendung des&nbsp;Social Plugins von Facebook<\/strong><\/p>\n\n\n\n<p>Wir verwenden Social Plugins von facebook.com, betrieben durch Facebook Inc., 1601 S. California Ave, Palo Alto, CA 94304, USA. Die Plugins sind an dem Facebook Logo (oder bzw. am&nbsp;<em>\u201cf\u201d<\/em>) oder dem Zusatz \u201c<em>Facebook Social Plugin<\/em>\u201d zu erkennen. Wenn Sie z.B. den \u201c<em>Gef\u00e4llt mir<\/em>\u201d Button anklicken oder einen Kommentar abgeben, wird die entsprechende Information von Ihrem Browser direkt an Facebook \u00fcbermittelt und dort gespeichert. Weiterhin macht Facebook Ihre Vorlieben f\u00fcr Ihre Facebook-Freunde \u00f6ffentlich. Sind Sie bei Facebook eingeloggt, kann Facebook den Aufruf unserer Seite Ihrem Facebook-Konto direkt zuordnen. Auch wenn Sie nicht eingeloggt sind oder gar kein Facebook-Konto besitzen, \u00fcbermittelt Ihr Browser Informationen (z.B. welche Webseite Sie aufgerufen haben, Ihre IP-Adresse), die von Facebook gespeichert werden. Details zum Umgang mit Ihren pers\u00f6nlichen Daten durch Facebook sowie Ihren diesbez\u00fcglichen Rechten entnehmen Sie bitte den Datenschutzhinweisen von&nbsp;<a href=\"http:\/\/www.facebook.com\/policy.php\">Facebook<\/a>. Wenn Sie nicht m\u00f6chten, dass Facebook die \u00fcber unsere Websites \u00fcber Sie gesammelten Daten Ihrem Facebook-Konto zuordnet, m\u00fcssen Sie sich vor Ihrem Besuch unserer Websites bei Facebook ausloggen. Sie k\u00f6nnen das Laden der Facebook Plugins auch mit Add-Ons f\u00fcr Ihren Browser komplett verhindern, z.B. mit dem \u201c<em>Facebook Blocker<\/em>\u201d (Facebook).<\/p>\n\n\n\n<p><strong>7. Ihre Rechte<\/strong><\/p>\n\n\n\n<p>Ihnen stehen die nachfolgenden Betroffenenrechte zu:<br>a) Auskunftsrecht: Sie haben das Recht, von uns eine Best\u00e4tigung dar\u00fcber zu verlangen, ob wir personenbezogene Daten von Ihnen verarbeiten.<br>b) Berichtigung\/L\u00f6schung\/Einschr\u00e4nkung der Verarbeitung: Weiter haben Sie das Recht, von uns zu verlangen, dass<br>\u2022 dass unrichtige personenbezogene Daten unverz\u00fcglich berichtigt werden (Recht auf Berichtigung),<br>\u2022 personenbezogene Daten von Ihnen unverz\u00fcglich gel\u00f6scht werden (Recht auf L\u00f6schung) und<br>\u2022 die Verarbeitung eingeschr\u00e4nkt wird (Recht auf Einschr\u00e4nken der Verarbeitung).<br>c) Recht auf Daten\u00fcbertragbarkeit: Sie haben das Recht, personenbezogene Daten, die Sie uns bereitgestellt haben, in einem strukturierten, g\u00e4ngigen und maschinenlesbaren Format zu erhalten und diese Daten einem anderen Verantwortlichen zu \u00fcbermitteln.<br>d) Widerrufsrecht: Sie haben das Recht, Ihre Einwilligung jederzeit zu widerrufen. Durch den Widerruf der Einwilligung wird die Rechtm\u00e4\u00dfigkeit der auf Grund der Einwilligung bis zum Widerruf erfolgten Verarbeitung nicht ber\u00fchrt.<br>e) Widerspruchsrecht: Ist die Verarbeitung personenbezogener Daten von Ihnen f\u00fcr die Wahrnehmung einer Aufgabe, die der Wahrung meiner berechtigten Interessen (Art. 6 Abs. 1 lit. f) DSGVO) erforderlich, steht Ihnen ein Widerspruchsrecht zu.<br>f) Beschwerderecht: Sind Sie der Ansicht, dass die Verarbeitung Ihrer personenbezogenen Daten gegen die DSGVO verst\u00f6\u00dft, haben Sie unbeschadet anderweitiger Rechtsbehelfe das Recht auf Beschwerde bei einer Aufsichtsbeh\u00f6rde.<\/p>\n","protected":false},"excerpt":{"rendered":"<p>1. Datenschutzerkl\u00e4rung Diese Datenschutzerkl\u00e4rung beschreibt, unter welchen Voraussetzungen wir Daten erheben und verarbeiten und was mit diesen Daten passiert. Verantwortlicher f\u00fcr die Verarbeitung der Daten ist Martin Ritter, Flurstra\u00dfe 26 in 95367 Trebgast. E-Mail martin.ritter@t-online.de 2. Wir erheben und speichern personenbezogene Daten und verwenden diese wie folgt: Beim Aufrufen meiner Website werden durch den auf [&hellip;]<\/p>\n","protected":false},"author":1,"featured_media":0,"parent":0,"menu_order":0,"comment_status":"closed","ping_status":"open","template":"","meta":{"footnotes":""},"class_list":["post-3","page","type-page","status-publish","hentry"],"_links":{"self":[{"href":"https:\/\/www.martin-ritter.net\/index.php?rest_route=\/wp\/v2\/pages\/3","targetHints":{"allow":["GET"]}}],"collection":[{"href":"https:\/\/www.martin-ritter.net\/index.php?rest_route=\/wp\/v2\/pages"}],"about":[{"href":"https:\/\/www.martin-ritter.net\/index.php?rest_route=\/wp\/v2\/types\/page"}],"author":[{"embeddable":true,"href":"https:\/\/www.martin-ritter.net\/index.php?rest_route=\/wp\/v2\/users\/1"}],"replies":[{"embeddable":true,"href":"https:\/\/www.martin-ritter.net\/index.php?rest_route=%2Fwp%2Fv2%2Fcomments&post=3"}],"version-history":[{"count":1,"href":"https:\/\/www.martin-ritter.net\/index.php?rest_route=\/wp\/v2\/pages\/3\/revisions"}],"predecessor-version":[{"id":31,"href":"https:\/\/www.martin-ritter.net\/index.php?rest_route=\/wp\/v2\/pages\/3\/revisions\/31"}],"wp:attachment":[{"href":"https:\/\/www.martin-ritter.net\/index.php?rest_route=%2Fwp%2Fv2%2Fmedia&parent=3"}],"curies":[{"name":"wp","href":"https:\/\/api.w.org\/{rel}","templated":true}]}}